{"id":53,"date":"2021-01-27T21:35:01","date_gmt":"2021-01-27T21:35:01","guid":{"rendered":"http:\/\/darimaestradevida.com\/?page_id=53"},"modified":"2021-01-27T21:35:01","modified_gmt":"2021-01-27T21:35:01","slug":"dari","status":"publish","type":"page","link":"https:\/\/darimaestradevida.com\/index.php\/dari\/","title":{"rendered":"Dari"},"content":{"rendered":"<div class=\"kvgmc6g5 cxmmr5t8 oygrvhab hcukyx3x c1et5uql ii04i59q\">\n<div dir=\"auto\">Dari es una maestra de vida. Vino a este mundo a ense\u00f1ar que la vida vale la pena, que uno puede ser feliz a pesar de cualquier circunstancia. Ense\u00f1\u00f3 con su partida que el amor es infinito y eterno, no tiene espacio ni tiempo.\u00a0 Ella naci\u00f3 el 17 de marzo de 2016. Desde ese d\u00eda llen\u00f3 de amor y cari\u00f1o los d\u00edas de quienes la conocieron. Su vida en esta tierra transcurri\u00f3 por un corto tiempo: 2 a\u00f1os y 6 meses. Fue as\u00ed que la segunda semana de septiembre de 2018, parti\u00f3.<\/div>\n<div dir=\"auto\"><\/div>\n<\/div>\n<div dir=\"auto\">A fin de honrar su memoria, nace este espacio, tras recorrer el camino del duelo, encontrando en la tanatolog\u00eda un instrumento de vida.<\/div>\n<div dir=\"auto\"><\/div>\n<div dir=\"auto\">Esta herramienta ayuda a entender el dolor de una p\u00e9rdida, y a partir de ah\u00ed , abrazarlo y llegar finalmente a\u00a0 soltarlo, para consiguir la tan ansiada paz.<\/div>\n","protected":false},"excerpt":{"rendered":"<p>Dari es una maestra de vida. Vino a este mundo a ense\u00f1ar que la vida vale la pena, que uno puede ser feliz a pesar de cualquier circunstancia. Ense\u00f1\u00f3 con su partida que el amor &hellip; <\/p>\n","protected":false},"author":1,"featured_media":0,"parent":0,"menu_order":0,"comment_status":"closed","ping_status":"closed","template":"","meta":{"footnotes":""},"class_list":["post-53","page","type-page","status-publish","hentry","has-single-img"],"_links":{"self":[{"href":"https:\/\/darimaestradevida.com\/index.php\/wp-json\/wp\/v2\/pages\/53","targetHints":{"allow":["GET"]}}],"collection":[{"href":"https:\/\/darimaestradevida.com\/index.php\/wp-json\/wp\/v2\/pages"}],"about":[{"href":"https:\/\/darimaestradevida.com\/index.php\/wp-json\/wp\/v2\/types\/page"}],"author":[{"embeddable":true,"href":"https:\/\/darimaestradevida.com\/index.php\/wp-json\/wp\/v2\/users\/1"}],"replies":[{"embeddable":true,"href":"https:\/\/darimaestradevida.com\/index.php\/wp-json\/wp\/v2\/comments?post=53"}],"version-history":[{"count":0,"href":"https:\/\/darimaestradevida.com\/index.php\/wp-json\/wp\/v2\/pages\/53\/revisions"}],"wp:attachment":[{"href":"https:\/\/darimaestradevida.com\/index.php\/wp-json\/wp\/v2\/media?parent=53"}],"curies":[{"name":"wp","href":"https:\/\/api.w.org\/{rel}","templated":true}]}}